{"id":2073,"date":"2023-07-17T08:55:14","date_gmt":"2023-07-17T08:55:14","guid":{"rendered":"https:\/\/new.asbkb2b.com\/?page_id=2073"},"modified":"2023-08-22T19:11:49","modified_gmt":"2023-08-22T19:11:49","slug":"login","status":"publish","type":"page","link":"https:\/\/dowgessentials.com.br\/wholesale\/login\/","title":{"rendered":"Login"},"content":{"rendered":"\t\t<div data-elementor-type=\"wp-page\" data-elementor-id=\"2073\" class=\"elementor elementor-2073\">\n\t\t\t\t\t\t\t\t\t<section class=\"elementor-section elementor-top-section elementor-element elementor-element-51c2da6 elementor-section-height-min-height elementor-section-boxed elementor-section-height-default elementor-section-items-middle\" data-id=\"51c2da6\" data-element_type=\"section\" data-settings=\"{&quot;background_background&quot;:&quot;classic&quot;}\">\n\t\t\t\t\t\t\t<div class=\"elementor-background-overlay\"><\/div>\n\t\t\t\t\t\t\t<div class=\"elementor-container elementor-column-gap-default\">\n\t\t\t\t\t<div class=\"elementor-column elementor-col-50 elementor-top-column elementor-element elementor-element-6d56c82\" data-id=\"6d56c82\" data-element_type=\"column\">\n\t\t\t<div class=\"elementor-widget-wrap elementor-element-populated\">\n\t\t\t\t\t\t\t\t<div class=\"elementor-element elementor-element-18d9764 elementor-widget elementor-widget-image\" data-id=\"18d9764\" data-element_type=\"widget\" data-widget_type=\"image.default\">\n\t\t\t\t<div class=\"elementor-widget-container\">\n\t\t\t<style>\/*! elementor - v3.15.0 - 20-08-2023 *\/\n.elementor-widget-image{text-align:center}.elementor-widget-image a{display:inline-block}.elementor-widget-image a img[src$=\".svg\"]{width:48px}.elementor-widget-image img{vertical-align:middle;display:inline-block}<\/style>\t\t\t\t\t\t\t\t\t\t\t\t<img decoding=\"async\" loading=\"lazy\" width=\"800\" height=\"800\" src=\"https:\/\/dowgessentials.com.br\/wholesale\/wp-content\/uploads\/2023\/07\/Blue-Dairy-Milk-Products-Instagram-Post-1024x1024.png\" class=\"attachment-large size-large wp-image-3171\" alt=\"\" srcset=\"https:\/\/dowgessentials.com.br\/wholesale\/wp-content\/uploads\/2023\/07\/Blue-Dairy-Milk-Products-Instagram-Post-1024x1024.png 1024w, https:\/\/dowgessentials.com.br\/wholesale\/wp-content\/uploads\/2023\/07\/Blue-Dairy-Milk-Products-Instagram-Post-300x300.png 300w, https:\/\/dowgessentials.com.br\/wholesale\/wp-content\/uploads\/2023\/07\/Blue-Dairy-Milk-Products-Instagram-Post-150x150.png 150w, https:\/\/dowgessentials.com.br\/wholesale\/wp-content\/uploads\/2023\/07\/Blue-Dairy-Milk-Products-Instagram-Post-768x768.png 768w, https:\/\/dowgessentials.com.br\/wholesale\/wp-content\/uploads\/2023\/07\/Blue-Dairy-Milk-Products-Instagram-Post-600x600.png 600w, https:\/\/dowgessentials.com.br\/wholesale\/wp-content\/uploads\/2023\/07\/Blue-Dairy-Milk-Products-Instagram-Post-100x100.png 100w, https:\/\/dowgessentials.com.br\/wholesale\/wp-content\/uploads\/2023\/07\/Blue-Dairy-Milk-Products-Instagram-Post.png 1080w\" sizes=\"(max-width: 800px) 100vw, 800px\">\t\t\t\t\t\t\t\t\t\t\t\t\t\t\t<\/div>\n\t\t\t\t<\/div>\n\t\t\t\t\t<\/div>\n\t\t<\/div>\n\t\t\t\t<div class=\"elementor-column elementor-col-50 elementor-top-column elementor-element elementor-element-41373e6\" data-id=\"41373e6\" data-element_type=\"column\">\n\t\t\t<div class=\"elementor-widget-wrap elementor-element-populated\">\n\t\t\t\t\t\t\t\t<div class=\"elementor-element elementor-element-471af23 elementor-widget elementor-widget-heading\" data-id=\"471af23\" data-element_type=\"widget\" data-widget_type=\"heading.default\">\n\t\t\t\t<div class=\"elementor-widget-container\">\n\t\t\t<style>\/*! elementor - v3.15.0 - 20-08-2023 *\/\n.elementor-heading-title{padding:0;margin:0;line-height:1}.elementor-widget-heading .elementor-heading-title[class*=elementor-size-]>a{color:inherit;font-size:inherit;line-height:inherit}.elementor-widget-heading .elementor-heading-title.elementor-size-small{font-size:15px}.elementor-widget-heading .elementor-heading-title.elementor-size-medium{font-size:19px}.elementor-widget-heading .elementor-heading-title.elementor-size-large{font-size:29px}.elementor-widget-heading .elementor-heading-title.elementor-size-xl{font-size:39px}.elementor-widget-heading .elementor-heading-title.elementor-size-xxl{font-size:59px}<\/style><h2 class=\"elementor-heading-title elementor-size-default\">Atacado<\/h2>\t\t<\/div>\n\t\t\t\t<\/div>\n\t\t\t\t<div class=\"elementor-element elementor-element-f5fb94a elementor-widget elementor-widget-text-editor\" data-id=\"f5fb94a\" data-element_type=\"widget\" data-widget_type=\"text-editor.default\">\n\t\t\t\t<div class=\"elementor-widget-container\">\n\t\t\t<style>\/*! elementor - v3.15.0 - 20-08-2023 *\/\n.elementor-widget-text-editor.elementor-drop-cap-view-stacked .elementor-drop-cap{background-color:#69727d;color:#fff}.elementor-widget-text-editor.elementor-drop-cap-view-framed .elementor-drop-cap{color:#69727d;border:3px solid;background-color:transparent}.elementor-widget-text-editor:not(.elementor-drop-cap-view-default) .elementor-drop-cap{margin-top:8px}.elementor-widget-text-editor:not(.elementor-drop-cap-view-default) .elementor-drop-cap-letter{width:1em;height:1em}.elementor-widget-text-editor .elementor-drop-cap{float:left;text-align:center;line-height:1;font-size:50px}.elementor-widget-text-editor .elementor-drop-cap-letter{display:inline-block}<\/style>\t\t\t\t<p>Produtos de atacado &#8211; Seja nosso parceiro! Participe do nosso programa exclusivo de atacado e ofere\u00e7a produtos premium para animais de estima\u00e7\u00e3o aos seus clientes. Feito com amor!<\/p>\t\t\t\t\t\t<\/div>\n\t\t\t\t<\/div>\n\t\t\t\t\t<\/div>\n\t\t<\/div>\n\t\t\t\t\t\t\t<\/div>\n\t\t<\/section>\n\t\t\t\t<section class=\"elementor-section elementor-top-section elementor-element elementor-element-a946ba5 elementor-section-boxed elementor-section-height-default elementor-section-height-default\" data-id=\"a946ba5\" data-element_type=\"section\" data-settings=\"{&quot;background_background&quot;:&quot;classic&quot;}\">\n\t\t\t\t\t\t<div class=\"elementor-container elementor-column-gap-default\">\n\t\t\t\t\t<div class=\"elementor-column elementor-col-50 elementor-top-column elementor-element elementor-element-53fe10b\" data-id=\"53fe10b\" data-element_type=\"column\" data-settings=\"{&quot;background_background&quot;:&quot;classic&quot;}\">\n\t\t\t<div class=\"elementor-widget-wrap elementor-element-populated\">\n\t\t\t\t\t\t\t\t<div class=\"elementor-element elementor-element-e63dba6 elementor-widget elementor-widget-heading\" data-id=\"e63dba6\" data-element_type=\"widget\" data-widget_type=\"heading.default\">\n\t\t\t\t<div class=\"elementor-widget-container\">\n\t\t\t<h2 class=\"elementor-heading-title elementor-size-default\">Conecte-se<\/h2>\t\t<\/div>\n\t\t\t\t<\/div>\n\t\t\t\t<div class=\"elementor-element elementor-element-7c94611 elementor-widget elementor-widget-shortcode\" data-id=\"7c94611\" data-element_type=\"widget\" data-widget_type=\"shortcode.default\">\n\t\t\t\t<div class=\"elementor-widget-container\">\n\t\t\t\t\t<div class=\"elementor-shortcode\"><div class=\"forminator-ui forminator-custom-form forminator-custom-form-2765 forminator-design--flat forminator-custom forminator_ajax\" data-forminator-render=\"0\" data-form=\"forminator-module-2765\" data-uid=\"69dd5763262f7\"><br\/><\/div><form\n\t\t\t\tid=\"forminator-module-2765\"\n\t\t\t\tclass=\"forminator-ui forminator-custom-form forminator-custom-form-2765 forminator-design--flat forminator-custom forminator_ajax\"\n\t\t\t\tmethod=\"post\"\n\t\t\t\tdata-forminator-render=\"0\"\n\t\t\t\tdata-form-id=\"2765\"\n\t\t\t\t\n\t\t\t\tdata-design=\"flat\"\n\t\t\t\t\n\t\t\t\t\n\t\t\t\t\n\t\t\t\tdata-grid=\"custom\"\n\t\t\t\t\n\t\t\t\t\n\t\t\t\tstyle=\"display: none;\"\n\t\t\t\t\n\t\t\t\tdata-uid=\"69dd5763262f7\"\n\t\t\t><div role=\"alert\" aria-live=\"polite\" class=\"forminator-response-message forminator-error\" aria-hidden=\"true\"><\/div><div class=\"forminator-row\"><div id=\"text-1\" class=\"forminator-col forminator-col-12 \"><div class=\"forminator-field\"><input type=\"text\" name=\"text-1\" value=\"\" placeholder=\"Digite o nome de usu\u00e1rio ou endere\u00e7o de e-mail\" id=\"forminator-field-text-1_69dd5763262f7\" class=\"forminator-input forminator-name--field\" data-required=\"true\" \/><\/div><\/div><\/div><div class=\"forminator-row\"><div id=\"password-1\" class=\"forminator-col forminator-col-12 \"><div class=\"forminator-field\"><input name=\"password-1\" value=\"\" placeholder=\"Coloque sua senha\" id=\"forminator-field-password-1_69dd5763262f7\" class=\"forminator-input forminator-name--field\" data-required=\"true\" type=\"password\" aria-describedby=\"forminator-field-password-1_69dd5763262f7-description\" \/><\/div><div class=\"forminator-description forminator-description-password\" id=\"forminator-field-password-1_69dd5763262f7-description\"><p><a rel=\"noopener\" target=\"_blank\" href=\"https:\/\/dowgessentials.com.br\/wholesale\/wp-login.php?action=lostpassword&amp;redirect_to\" title=\"Lost Password\" style=\"color: #dbb681\">Lost your password?<\/a><\/p><\/div><\/div><\/div><div class=\"forminator-row\"><div id=\"checkbox-1\" class=\"forminator-col forminator-col-12  remember-me\"><div role=\"group\" class=\"forminator-field\" aria-labelledby=\"forminator-checkbox-group-69dd5763262f7-label\"><label id=\"forminator-field-checkbox-1-1-69dd5763262f7-label\" for=\"forminator-field-checkbox-1-1-69dd5763262f7\" class=\"forminator-checkbox\" title=\"Remember Me\"><input type=\"checkbox\" name=\"checkbox-1[]\" value=\"remember-me\" id=\"forminator-field-checkbox-1-1-69dd5763262f7\" aria-labelledby=\"forminator-field-checkbox-1-1-69dd5763262f7-label\" data-calculation=\"0\"   aria-describedby=\"forminator-field-checkbox-1-69dd5763262f7-description\"\/><span class=\"forminator-checkbox-box\" aria-hidden=\"true\"><\/span><span class=\"forminator-checkbox-label\">Remember Me<\/span><\/label><\/div><\/div><\/div><input type=\"hidden\" name=\"referer_url\" value=\"\" \/><div class=\"forminator-row forminator-row-last\"><div class=\"forminator-col\"><div class=\"forminator-field\"><button class=\"forminator-button forminator-button-submit button\">Conecte-se<\/button><\/div><\/div><\/div><input type=\"hidden\" id=\"forminator_nonce\" name=\"forminator_nonce\" value=\"d31b1ceaec\" \/><input type=\"hidden\" name=\"_wp_http_referer\" value=\"\/wholesale\/wp-json\/wp\/v2\/pages\/2073\" \/><input type=\"hidden\" name=\"form_id\" value=\"2765\"><input type=\"hidden\" name=\"page_id\" value=\"2073\"><input type=\"hidden\" name=\"form_type\" value=\"login\"><input type=\"hidden\" name=\"current_url\" value=\"https:\/\/dowgessentials.com.br\/wholesale\/login\/\"><input type=\"hidden\" name=\"render_id\" value=\"0\"><input type=\"hidden\" name=\"redirect_to\" value=\"https:\/\/dowgessentials.com.br\/wholesale\/wp-admin\/\"><input type=\"hidden\" name=\"action\" value=\"forminator_submit_form_custom-forms\"><\/form><\/div>\n\t\t\t\t<\/div>\n\t\t\t\t<\/div>\n\t\t\t\t\t<\/div>\n\t\t<\/div>\n\t\t\t\t<div class=\"elementor-column elementor-col-50 elementor-top-column elementor-element elementor-element-1e464c6\" data-id=\"1e464c6\" data-element_type=\"column\">\n\t\t\t<div class=\"elementor-widget-wrap elementor-element-populated\">\n\t\t\t\t\t\t\t\t<div class=\"elementor-element elementor-element-c636cb2 elementor-widget elementor-widget-heading\" data-id=\"c636cb2\" data-element_type=\"widget\" data-widget_type=\"heading.default\">\n\t\t\t\t<div class=\"elementor-widget-container\">\n\t\t\t<h2 class=\"elementor-heading-title elementor-size-default\">Registro<\/h2>\t\t<\/div>\n\t\t\t\t<\/div>\n\t\t\t\t<div class=\"elementor-element elementor-element-fa5a91e elementor-widget elementor-widget-shortcode\" data-id=\"fa5a91e\" data-element_type=\"widget\" data-widget_type=\"shortcode.default\">\n\t\t\t\t<div class=\"elementor-widget-container\">\n\t\t\t\t\t<div class=\"elementor-shortcode\"><div class=\"forminator-ui forminator-custom-form forminator-custom-form-2211 forminator-design--flat  forminator_ajax\" data-forminator-render=\"0\" data-form=\"forminator-module-2211\" data-uid=\"69dd57632a7f2\"><br\/><\/div><form\n\t\t\t\tid=\"forminator-module-2211\"\n\t\t\t\tclass=\"forminator-ui forminator-custom-form forminator-custom-form-2211 forminator-design--flat  forminator_ajax\"\n\t\t\t\tmethod=\"post\"\n\t\t\t\tdata-forminator-render=\"0\"\n\t\t\t\tdata-form-id=\"2211\"\n\t\t\t\t\n\t\t\t\tdata-design=\"flat\"\n\t\t\t\t\n\t\t\t\t\n\t\t\t\t\n\t\t\t\tdata-grid=\"open\"\n\t\t\t\t\n\t\t\t\t\n\t\t\t\tstyle=\"display: none;\"\n\t\t\t\t\n\t\t\t\tdata-uid=\"69dd57632a7f2\"\n\t\t\t><div role=\"alert\" aria-live=\"polite\" class=\"forminator-response-message forminator-error\" aria-hidden=\"true\"><\/div><div class=\"forminator-row\"><div id=\"name-1\" class=\"forminator-col forminator-col-6 \"><div class=\"forminator-field\"><input type=\"text\" name=\"name-1\" value=\"\" placeholder=\"Nome da empresa\" id=\"forminator-field-name-1_69dd57632a7f2\" class=\"forminator-input forminator-name--field\" aria-required=\"true\" \/><\/div><\/div><div id=\"email-1\" class=\"forminator-col forminator-col-6 \"><div class=\"forminator-field\"><input type=\"email\" name=\"email-1\" value=\"\" placeholder=\"Seu endere\u00e7o de email\" id=\"forminator-field-email-1_69dd57632a7f2\" class=\"forminator-input forminator-email--field\" data-required=\"true\" aria-required=\"true\" \/><\/div><\/div><\/div><div class=\"forminator-row\"><div id=\"name-2\" class=\"forminator-col forminator-col-6 \"><div class=\"forminator-field\"><input type=\"text\" name=\"name-2\" value=\"\" placeholder=\"Primeiro nome\" id=\"forminator-field-name-2_69dd57632a7f2\" class=\"forminator-input forminator-name--field\" aria-required=\"true\" \/><\/div><\/div><div id=\"name-3\" class=\"forminator-col forminator-col-6 \"><div class=\"forminator-field\"><input type=\"text\" name=\"name-3\" value=\"\" placeholder=\"Sobrenome\" id=\"forminator-field-name-3_69dd57632a7f2\" class=\"forminator-input forminator-name--field\" aria-required=\"true\" \/><\/div><\/div><\/div><div class=\"forminator-row\"><div id=\"text-1\" class=\"forminator-col forminator-col-6 \"><div class=\"forminator-field\"><input type=\"text\" name=\"text-1\" value=\"\" placeholder=\"Crie um nome de usu\u00e1rio\" id=\"forminator-field-text-1_69dd57632a7f2\" class=\"forminator-input forminator-name--field\" data-required=\"true\" \/><\/div><\/div><div id=\"password-1\" class=\"forminator-col forminator-col-6 \"><div class=\"forminator-field\"><input name=\"password-1\" value=\"\" placeholder=\"Coloque sua senha\" id=\"forminator-field-password-1_69dd57632a7f2\" class=\"forminator-input forminator-name--field\" data-required=\"true\" type=\"password\" \/><\/div><\/div><\/div><div class=\"forminator-row\"><div id=\"phone-1\" class=\"forminator-col forminator-col-12 \"><div class=\"forminator-field\"><input type=\"text\" name=\"phone-1\" value=\"\" placeholder=\"Seu n\u00famero de telefone\" id=\"forminator-field-phone-1_69dd57632a7f2\" class=\"forminator-input forminator-field--phone\" data-required=\"1\" aria-required=\"true\" autocomplete=\"off\" \/><\/div><\/div><\/div><div class=\"forminator-row\"><div id=\"url-1\" class=\"forminator-col forminator-col-12 \"><div class=\"forminator-field\"><input type=\"url\" name=\"url-1\" value=\"\" placeholder=\"O URL do seu site\" id=\"forminator-field-url-1_69dd57632a7f2\" class=\"forminator-input forminator-website--field\" data-required=\"1\" aria-required=\"true\" \/><\/div><\/div><\/div><div class=\"forminator-row\"><div id=\"consent-1\" class=\"forminator-col forminator-col-12 \"><div class=\"forminator-field\"><div class=\"forminator-checkbox__wrapper\"><label for=\"forminator-field-consent-1_69dd57632a7f2\" id=\"forminator-field-consent-1_69dd57632a7f2__label\" class=\"forminator-checkbox forminator-consent\" style=\"margin: 0;\"><input type=\"checkbox\" name=\"consent-1\" id=\"forminator-field-consent-1_69dd57632a7f2\" value=\"marcado\" aria-labelledby=\"forminator-field-consent-1_69dd57632a7f2-label\" aria-describedby=\"forminator-field-consent-1_69dd57632a7f2__description\" data-required=\"true\" aria-required=\"true\" \/><span class=\"forminator-checkbox-box\" aria-hidden=\"true\"><\/span><\/label><div id=\"forminator-field-consent-1_69dd57632a7f2__description\" class=\"forminator-checkbox__label forminator-consent__label\"><p>Sim, concordo com a pol\u00edtica de privacidade e os termos e condi\u00e7\u00f5es.<\/p><\/div><\/div><\/div><\/div><\/div><input type=\"hidden\" name=\"referer_url\" value=\"\" \/><div class=\"forminator-row forminator-row-last\"><div class=\"forminator-col\"><div class=\"forminator-field\"><button class=\"forminator-button forminator-button-submit\">Registro<\/button><\/div><\/div><\/div><input type=\"hidden\" id=\"forminator_nonce\" name=\"forminator_nonce\" value=\"d31b1ceaec\" \/><input type=\"hidden\" name=\"_wp_http_referer\" value=\"\/wholesale\/wp-json\/wp\/v2\/pages\/2073\" \/><input type=\"hidden\" name=\"form_id\" value=\"2211\"><input type=\"hidden\" name=\"page_id\" value=\"2073\"><input type=\"hidden\" name=\"form_type\" value=\"registration\"><input type=\"hidden\" name=\"current_url\" value=\"https:\/\/dowgessentials.com.br\/wholesale\/login\/\"><input type=\"hidden\" name=\"render_id\" value=\"0\"><input type=\"hidden\" name=\"action\" value=\"forminator_submit_form_custom-forms\"><\/form><\/div>\n\t\t\t\t<\/div>\n\t\t\t\t<\/div>\n\t\t\t\t\t<\/div>\n\t\t<\/div>\n\t\t\t\t\t\t\t<\/div>\n\t\t<\/section>\n\t\t\t\t<section class=\"elementor-section elementor-top-section elementor-element elementor-element-5e979b7 elementor-section-height-min-height elementor-section-boxed elementor-section-height-default elementor-section-items-middle\" data-id=\"5e979b7\" data-element_type=\"section\" data-settings=\"{&quot;background_background&quot;:&quot;classic&quot;}\">\n\t\t\t\t\t\t\t<div class=\"elementor-background-overlay\"><\/div>\n\t\t\t\t\t\t\t<div class=\"elementor-container elementor-column-gap-default\">\n\t\t\t\t\t<div class=\"elementor-column elementor-col-100 elementor-top-column elementor-element elementor-element-d5c0627\" data-id=\"d5c0627\" data-element_type=\"column\">\n\t\t\t<div class=\"elementor-widget-wrap elementor-element-populated\">\n\t\t\t\t\t\t\t\t<div class=\"elementor-element elementor-element-337f097 elementor-invisible elementor-widget elementor-widget-heading\" data-id=\"337f097\" data-element_type=\"widget\" data-settings=\"{&quot;_animation&quot;:&quot;fadeIn&quot;,&quot;_animation_delay&quot;:100}\" data-widget_type=\"heading.default\">\n\t\t\t\t<div class=\"elementor-widget-container\">\n\t\t\t<h2 class=\"elementor-heading-title elementor-size-default\">At\u00e9 que algu\u00e9m tenha amado um animal, uma parte da alma de algu\u00e9m permanece adormecida.<\/h2>\t\t<\/div>\n\t\t\t\t<\/div>\n\t\t\t\t<div class=\"elementor-element elementor-element-c4c41c4 elementor-invisible elementor-widget elementor-widget-text-editor\" data-id=\"c4c41c4\" data-element_type=\"widget\" data-settings=\"{&quot;_animation&quot;:&quot;fadeIn&quot;,&quot;_animation_delay&quot;:200}\" data-widget_type=\"text-editor.default\">\n\t\t\t\t<div class=\"elementor-widget-container\">\n\t\t\t\t\t\t\t<p>Essa cita\u00e7\u00e3o comovente, frequentemente atribu\u00edda a Anatole France, captura lindamente o impacto profundo que os animais podem ter em nossas vidas. Ela fala sobre o poder transformador do v\u00ednculo humano-animal e a profundidade das emo\u00e7\u00f5es que surgem ao compartilhar nossas vidas com animais de estima\u00e7\u00e3o.<\/p>\t\t\t\t\t\t<\/div>\n\t\t\t\t<\/div>\n\t\t\t\t<div class=\"elementor-element elementor-element-a0a82aa elementor-align-center elementor-widget__width-auto elementor-invisible elementor-widget elementor-widget-button\" data-id=\"a0a82aa\" data-element_type=\"widget\" data-settings=\"{&quot;_animation&quot;:&quot;fadeInUp&quot;}\" data-widget_type=\"button.default\">\n\t\t\t\t<div class=\"elementor-widget-container\">\n\t\t\t\t\t<div class=\"elementor-button-wrapper\">\n\t\t\t<a class=\"elementor-button elementor-button-link elementor-size-sm\" href=\"https:\/\/dowgessentials.com.br\/wholesale\/index.php\/contact\/\">\n\t\t\t\t\t\t<span class=\"elementor-button-content-wrapper\">\n\t\t\t\t\t\t<span class=\"elementor-button-text\">Contate-nos<\/span>\n\t\t<\/span>\n\t\t\t\t\t<\/a>\n\t\t<\/div>\n\t\t\t\t<\/div>\n\t\t\t\t<\/div>\n\t\t\t\t<div class=\"elementor-element elementor-element-1e7cbcf elementor-align-center elementor-widget__width-auto elementor-invisible elementor-widget elementor-widget-button\" data-id=\"1e7cbcf\" data-element_type=\"widget\" data-settings=\"{&quot;_animation&quot;:&quot;fadeInUp&quot;}\" data-widget_type=\"button.default\">\n\t\t\t\t<div class=\"elementor-widget-container\">\n\t\t\t\t\t<div class=\"elementor-button-wrapper\">\n\t\t\t<a class=\"elementor-button elementor-button-link elementor-size-sm\" href=\"https:\/\/dowgessentials.com.br\/wholesale\/index.php\/shop\/\">\n\t\t\t\t\t\t<span class=\"elementor-button-content-wrapper\">\n\t\t\t\t\t\t<span class=\"elementor-button-text\">Compre agora<\/span>\n\t\t<\/span>\n\t\t\t\t\t<\/a>\n\t\t<\/div>\n\t\t\t\t<\/div>\n\t\t\t\t<\/div>\n\t\t\t\t\t<\/div>\n\t\t<\/div>\n\t\t\t\t\t\t\t<\/div>\n\t\t<\/section>\n\t\t\t\t\t\t\t<\/div>\n\t\t","protected":false},"excerpt":{"rendered":"<p>Atacado Produtos de atacado &#8211; Seja nosso parceiro! Participe do nosso programa exclusivo de atacado e ofere\u00e7a produtos premium para animais de estima\u00e7\u00e3o aos seus clientes. Feito com amor! Conecte-se Registro At\u00e9 que algu\u00e9m tenha amado um animal, uma parte da alma de algu\u00e9m permanece adormecida. Essa cita\u00e7\u00e3o comovente, frequentemente atribu\u00edda a Anatole France, captura [&hellip;]<\/p>\n","protected":false},"author":14,"featured_media":0,"parent":0,"menu_order":0,"comment_status":"closed","ping_status":"closed","template":"elementor_header_footer","meta":{"footnotes":"","_glsr_average":0,"_glsr_ranking":0,"_glsr_reviews":0},"_links":{"self":[{"href":"https:\/\/dowgessentials.com.br\/wholesale\/wp-json\/wp\/v2\/pages\/2073"}],"collection":[{"href":"https:\/\/dowgessentials.com.br\/wholesale\/wp-json\/wp\/v2\/pages"}],"about":[{"href":"https:\/\/dowgessentials.com.br\/wholesale\/wp-json\/wp\/v2\/types\/page"}],"author":[{"embeddable":true,"href":"https:\/\/dowgessentials.com.br\/wholesale\/wp-json\/wp\/v2\/users\/14"}],"replies":[{"embeddable":true,"href":"https:\/\/dowgessentials.com.br\/wholesale\/wp-json\/wp\/v2\/comments?post=2073"}],"version-history":[{"count":259,"href":"https:\/\/dowgessentials.com.br\/wholesale\/wp-json\/wp\/v2\/pages\/2073\/revisions"}],"predecessor-version":[{"id":6996,"href":"https:\/\/dowgessentials.com.br\/wholesale\/wp-json\/wp\/v2\/pages\/2073\/revisions\/6996"}],"wp:attachment":[{"href":"https:\/\/dowgessentials.com.br\/wholesale\/wp-json\/wp\/v2\/media?parent=2073"}],"curies":[{"name":"wp","href":"https:\/\/api.w.org\/{rel}","templated":true}]}}