{"id":193,"date":"2023-07-16T20:35:31","date_gmt":"2023-07-16T20:35:31","guid":{"rendered":"https:\/\/new.asbkb2b.com\/index.php\/my-account\/"},"modified":"2023-08-09T15:20:29","modified_gmt":"2023-08-09T15:20:29","slug":"my-account","status":"publish","type":"page","link":"https:\/\/dowgessentials.com.br\/wholesale\/my-account\/","title":{"rendered":"My account"},"content":{"rendered":"\t\t<div data-elementor-type=\"wp-page\" data-elementor-id=\"193\" class=\"elementor elementor-193\">\n\t\t\t\t\t\t\t\t\t<section class=\"elementor-section elementor-top-section elementor-element elementor-element-752ead4 elementor-section-height-min-height elementor-section-boxed elementor-section-height-default elementor-section-items-middle\" data-id=\"752ead4\" data-element_type=\"section\" data-settings=\"{&quot;background_background&quot;:&quot;classic&quot;}\">\n\t\t\t\t\t\t\t<div class=\"elementor-background-overlay\"><\/div>\n\t\t\t\t\t\t\t<div class=\"elementor-container elementor-column-gap-default\">\n\t\t\t\t\t<div class=\"elementor-column elementor-col-50 elementor-top-column elementor-element elementor-element-f7ab965\" data-id=\"f7ab965\" data-element_type=\"column\">\n\t\t\t<div class=\"elementor-widget-wrap elementor-element-populated\">\n\t\t\t\t\t\t\t\t<div class=\"elementor-element elementor-element-b9ebb87 elementor-widget elementor-widget-image\" data-id=\"b9ebb87\" data-element_type=\"widget\" data-widget_type=\"image.default\">\n\t\t\t\t<div class=\"elementor-widget-container\">\n\t\t\t<style>\/*! elementor - v3.15.0 - 20-08-2023 *\/\n.elementor-widget-image{text-align:center}.elementor-widget-image a{display:inline-block}.elementor-widget-image a img[src$=\".svg\"]{width:48px}.elementor-widget-image img{vertical-align:middle;display:inline-block}<\/style>\t\t\t\t\t\t\t\t\t\t\t\t<img decoding=\"async\" loading=\"lazy\" width=\"800\" height=\"800\" src=\"https:\/\/dowgessentials.com.br\/wholesale\/wp-content\/uploads\/2023\/07\/Blue-Dairy-Milk-Products-Instagram-Post-1024x1024.png\" class=\"attachment-large size-large wp-image-3171\" alt=\"\" srcset=\"https:\/\/dowgessentials.com.br\/wholesale\/wp-content\/uploads\/2023\/07\/Blue-Dairy-Milk-Products-Instagram-Post-1024x1024.png 1024w, https:\/\/dowgessentials.com.br\/wholesale\/wp-content\/uploads\/2023\/07\/Blue-Dairy-Milk-Products-Instagram-Post-300x300.png 300w, https:\/\/dowgessentials.com.br\/wholesale\/wp-content\/uploads\/2023\/07\/Blue-Dairy-Milk-Products-Instagram-Post-150x150.png 150w, https:\/\/dowgessentials.com.br\/wholesale\/wp-content\/uploads\/2023\/07\/Blue-Dairy-Milk-Products-Instagram-Post-768x768.png 768w, https:\/\/dowgessentials.com.br\/wholesale\/wp-content\/uploads\/2023\/07\/Blue-Dairy-Milk-Products-Instagram-Post-600x600.png 600w, https:\/\/dowgessentials.com.br\/wholesale\/wp-content\/uploads\/2023\/07\/Blue-Dairy-Milk-Products-Instagram-Post-100x100.png 100w, https:\/\/dowgessentials.com.br\/wholesale\/wp-content\/uploads\/2023\/07\/Blue-Dairy-Milk-Products-Instagram-Post.png 1080w\" sizes=\"(max-width: 800px) 100vw, 800px\">\t\t\t\t\t\t\t\t\t\t\t\t\t\t\t<\/div>\n\t\t\t\t<\/div>\n\t\t\t\t\t<\/div>\n\t\t<\/div>\n\t\t\t\t<div class=\"elementor-column elementor-col-50 elementor-top-column elementor-element elementor-element-c23ca91\" data-id=\"c23ca91\" data-element_type=\"column\">\n\t\t\t<div class=\"elementor-widget-wrap elementor-element-populated\">\n\t\t\t\t\t\t\t\t<div class=\"elementor-element elementor-element-03a176f elementor-widget elementor-widget-heading\" data-id=\"03a176f\" data-element_type=\"widget\" data-widget_type=\"heading.default\">\n\t\t\t\t<div class=\"elementor-widget-container\">\n\t\t\t<style>\/*! elementor - v3.15.0 - 20-08-2023 *\/\n.elementor-heading-title{padding:0;margin:0;line-height:1}.elementor-widget-heading .elementor-heading-title[class*=elementor-size-]>a{color:inherit;font-size:inherit;line-height:inherit}.elementor-widget-heading .elementor-heading-title.elementor-size-small{font-size:15px}.elementor-widget-heading .elementor-heading-title.elementor-size-medium{font-size:19px}.elementor-widget-heading .elementor-heading-title.elementor-size-large{font-size:29px}.elementor-widget-heading .elementor-heading-title.elementor-size-xl{font-size:39px}.elementor-widget-heading .elementor-heading-title.elementor-size-xxl{font-size:59px}<\/style><h2 class=\"elementor-heading-title elementor-size-default\">Wholesale<\/h2>\t\t<\/div>\n\t\t\t\t<\/div>\n\t\t\t\t<div class=\"elementor-element elementor-element-c36e620 elementor-widget elementor-widget-text-editor\" data-id=\"c36e620\" data-element_type=\"widget\" data-widget_type=\"text-editor.default\">\n\t\t\t\t<div class=\"elementor-widget-container\">\n\t\t\t<style>\/*! elementor - v3.15.0 - 20-08-2023 *\/\n.elementor-widget-text-editor.elementor-drop-cap-view-stacked .elementor-drop-cap{background-color:#69727d;color:#fff}.elementor-widget-text-editor.elementor-drop-cap-view-framed .elementor-drop-cap{color:#69727d;border:3px solid;background-color:transparent}.elementor-widget-text-editor:not(.elementor-drop-cap-view-default) .elementor-drop-cap{margin-top:8px}.elementor-widget-text-editor:not(.elementor-drop-cap-view-default) .elementor-drop-cap-letter{width:1em;height:1em}.elementor-widget-text-editor .elementor-drop-cap{float:left;text-align:center;line-height:1;font-size:50px}.elementor-widget-text-editor .elementor-drop-cap-letter{display:inline-block}<\/style>\t\t\t\t<p>Wholesale Products &#8211; Partner with Us! Join our exclusive wholesale program and offer premium pet grooming products to your customers. Groom with love!<\/p>\t\t\t\t\t\t<\/div>\n\t\t\t\t<\/div>\n\t\t\t\t\t<\/div>\n\t\t<\/div>\n\t\t\t\t\t\t\t<\/div>\n\t\t<\/section>\n\t\t\t\t<section class=\"elementor-section elementor-top-section elementor-element elementor-element-20858981 elementor-hidden-desktop elementor-hidden-tablet elementor-hidden-mobile elementor-section-boxed elementor-section-height-default elementor-section-height-default\" data-id=\"20858981\" data-element_type=\"section\">\n\t\t\t\t\t\t<div class=\"elementor-container elementor-column-gap-default\">\n\t\t\t\t\t<div class=\"elementor-column elementor-col-100 elementor-top-column elementor-element elementor-element-16a0a5e5\" data-id=\"16a0a5e5\" data-element_type=\"column\">\n\t\t\t<div class=\"elementor-widget-wrap elementor-element-populated\">\n\t\t\t\t\t\t\t\t<div class=\"elementor-element elementor-element-6aec2330 elementor-widget elementor-widget-text-editor\" data-id=\"6aec2330\" data-element_type=\"widget\" data-widget_type=\"text-editor.default\">\n\t\t\t\t<div class=\"elementor-widget-container\">\n\t\t\t\t\t\t\t<!-- wp:shortcode -->\n<div class=\"woocommerce\">\n\n<div class=\"u-columns col2-set\" id=\"customer_login\">\n\n\t<div class=\"u-column1 col-1\">\n\n\n\t\t<h2>Entrar<\/h2>\n\n\t\t<form class=\"woocommerce-form woocommerce-form-login login\" method=\"post\">\n\n\t\t\t\n\t\t\t<p class=\"woocommerce-form-row woocommerce-form-row--wide form-row form-row-wide\">\n\t\t\t\t<label for=\"username\">Nome de usu\u00e1rio ou e-mail&nbsp;<span class=\"required\">*<\/span><\/label>\n\t\t\t\t<input type=\"text\" class=\"woocommerce-Input woocommerce-Input--text input-text\" name=\"username\" id=\"username\" autocomplete=\"username\" value=\"\" \/>\t\t\t<\/p>\n\t\t\t<p class=\"woocommerce-form-row woocommerce-form-row--wide form-row form-row-wide\">\n\t\t\t\t<label for=\"password\">Senha&nbsp;<span class=\"required\">*<\/span><\/label>\n\t\t\t\t<input class=\"woocommerce-Input woocommerce-Input--text input-text\" type=\"password\" name=\"password\" id=\"password\" autocomplete=\"current-password\" \/>\n\t\t\t<\/p>\n\n\t\t\t\n\t\t\t<p class=\"form-row\">\n\t\t\t\t<label class=\"woocommerce-form__label woocommerce-form__label-for-checkbox woocommerce-form-login__rememberme\">\n\t\t\t\t\t<input class=\"woocommerce-form__input woocommerce-form__input-checkbox\" name=\"rememberme\" type=\"checkbox\" id=\"rememberme\" value=\"forever\" \/> <span>Lembre-me<\/span>\n\t\t\t\t<\/label>\n\t\t\t\t<input type=\"hidden\" id=\"woocommerce-login-nonce\" name=\"woocommerce-login-nonce\" value=\"727710c1e5\" \/><input type=\"hidden\" name=\"_wp_http_referer\" value=\"\/wholesale\/wp-json\/wp\/v2\/pages\/193\" \/>\t\t\t\t<button type=\"submit\" class=\"woocommerce-button button woocommerce-form-login__submit\" name=\"login\" value=\"Acessar\">Acessar<\/button>\n\t\t\t<\/p>\n\t\t\t<p class=\"woocommerce-LostPassword lost_password\">\n\t\t\t\t<a href=\"https:\/\/dowgessentials.com.br\/wholesale\/my-account\/lost-password\/\">Perdeu sua senha?<\/a>\n\t\t\t<\/p>\n\n\t\t\t\n\t\t<\/form>\n\n\n\t<\/div>\n\n\t<div class=\"u-column2 col-2\">\n\n\t\t<h2>Cadastre-se<\/h2>\n\n\t\t<form method=\"post\" class=\"woocommerce-form woocommerce-form-register register\"  >\n\n\t\t\t\n\t\t\t\n\t\t\t<p class=\"woocommerce-form-row woocommerce-form-row--wide form-row form-row-wide\">\n\t\t\t\t<label for=\"reg_email\">Endere\u00e7o de e-mail&nbsp;<span class=\"required\">*<\/span><\/label>\n\t\t\t\t<input type=\"email\" class=\"woocommerce-Input woocommerce-Input--text input-text\" name=\"email\" id=\"reg_email\" autocomplete=\"email\" value=\"\" \/>\t\t\t<\/p>\n\n\t\t\t\n\t\t\t\t<p>Um link para definir uma nova senha ser\u00e1 enviado para seu endere\u00e7o de e-mail.<\/p>\n\n\t\t\t\n\t\t\t\n\t\t\t<p class=\"woocommerce-form-row form-row\">\n\t\t\t\t<input type=\"hidden\" id=\"woocommerce-register-nonce\" name=\"woocommerce-register-nonce\" value=\"3a201f7361\" \/><input type=\"hidden\" name=\"_wp_http_referer\" value=\"\/wholesale\/wp-json\/wp\/v2\/pages\/193\" \/>\t\t\t\t<button type=\"submit\" class=\"woocommerce-Button woocommerce-button button woocommerce-form-register__submit\" name=\"register\" value=\"Cadastre-se\">Cadastre-se<\/button>\n\t\t\t<\/p>\n\n\t\t\t\n\t\t<\/form>\n\n\t<\/div>\n\n<\/div>\n\n<\/div>\n<!-- \/wp:shortcode -->\t\t\t\t\t\t<\/div>\n\t\t\t\t<\/div>\n\t\t\t\t\t<\/div>\n\t\t<\/div>\n\t\t\t\t\t\t\t<\/div>\n\t\t<\/section>\n\t\t\t\t<section class=\"elementor-section elementor-top-section elementor-element elementor-element-c10e941 elementor-section-boxed elementor-section-height-default elementor-section-height-default\" data-id=\"c10e941\" data-element_type=\"section\">\n\t\t\t\t\t\t<div class=\"elementor-container elementor-column-gap-default\">\n\t\t\t\t\t<div class=\"elementor-column elementor-col-100 elementor-top-column elementor-element elementor-element-1d9da16\" data-id=\"1d9da16\" data-element_type=\"column\">\n\t\t\t<div class=\"elementor-widget-wrap elementor-element-populated\">\n\t\t\t\t\t\t\t\t<div class=\"elementor-element elementor-element-d31deac elementor-widget elementor-widget-heading\" data-id=\"d31deac\" data-element_type=\"widget\" data-widget_type=\"heading.default\">\n\t\t\t\t<div class=\"elementor-widget-container\">\n\t\t\t<h2 class=\"elementor-heading-title elementor-size-default\">Please login or register to continue.<\/h2>\t\t<\/div>\n\t\t\t\t<\/div>\n\t\t\t\t\t<\/div>\n\t\t<\/div>\n\t\t\t\t\t\t\t<\/div>\n\t\t<\/section>\n\t\t\t\t<section class=\"elementor-section elementor-top-section elementor-element elementor-element-a43c46d elementor-section-boxed elementor-section-height-default elementor-section-height-default\" data-id=\"a43c46d\" data-element_type=\"section\" data-settings=\"{&quot;background_background&quot;:&quot;classic&quot;}\">\n\t\t\t\t\t\t<div class=\"elementor-container elementor-column-gap-default\">\n\t\t\t\t\t<div class=\"elementor-column elementor-col-50 elementor-top-column elementor-element elementor-element-fb5b297\" data-id=\"fb5b297\" data-element_type=\"column\" data-settings=\"{&quot;background_background&quot;:&quot;classic&quot;}\">\n\t\t\t<div class=\"elementor-widget-wrap elementor-element-populated\">\n\t\t\t\t\t\t\t\t<div class=\"elementor-element elementor-element-f7d4815 elementor-widget elementor-widget-heading\" data-id=\"f7d4815\" data-element_type=\"widget\" data-widget_type=\"heading.default\">\n\t\t\t\t<div class=\"elementor-widget-container\">\n\t\t\t<h2 class=\"elementor-heading-title elementor-size-default\">Login<\/h2>\t\t<\/div>\n\t\t\t\t<\/div>\n\t\t\t\t<div class=\"elementor-element elementor-element-9403833 elementor-widget elementor-widget-shortcode\" data-id=\"9403833\" data-element_type=\"widget\" data-widget_type=\"shortcode.default\">\n\t\t\t\t<div class=\"elementor-widget-container\">\n\t\t\t\t\t<div class=\"elementor-shortcode\"><div class=\"forminator-ui forminator-custom-form forminator-custom-form-2765 forminator-design--flat forminator-custom forminator_ajax\" data-forminator-render=\"0\" data-form=\"forminator-module-2765\" data-uid=\"69fd17047989b\"><br\/><\/div><form\n\t\t\t\tid=\"forminator-module-2765\"\n\t\t\t\tclass=\"forminator-ui forminator-custom-form forminator-custom-form-2765 forminator-design--flat forminator-custom forminator_ajax\"\n\t\t\t\tmethod=\"post\"\n\t\t\t\tdata-forminator-render=\"0\"\n\t\t\t\tdata-form-id=\"2765\"\n\t\t\t\t\n\t\t\t\tdata-design=\"flat\"\n\t\t\t\t\n\t\t\t\t\n\t\t\t\t\n\t\t\t\tdata-grid=\"custom\"\n\t\t\t\t\n\t\t\t\t\n\t\t\t\tstyle=\"display: none;\"\n\t\t\t\t\n\t\t\t\tdata-uid=\"69fd17047989b\"\n\t\t\t><div role=\"alert\" aria-live=\"polite\" class=\"forminator-response-message forminator-error\" aria-hidden=\"true\"><\/div><div class=\"forminator-row\"><div id=\"text-1\" class=\"forminator-col forminator-col-12 \"><div class=\"forminator-field\"><input type=\"text\" name=\"text-1\" value=\"\" placeholder=\"Digite o nome de usu\u00e1rio ou endere\u00e7o de e-mail\" id=\"forminator-field-text-1_69fd17047989b\" class=\"forminator-input forminator-name--field\" data-required=\"true\" \/><\/div><\/div><\/div><div class=\"forminator-row\"><div id=\"password-1\" class=\"forminator-col forminator-col-12 \"><div class=\"forminator-field\"><input name=\"password-1\" value=\"\" placeholder=\"Coloque sua senha\" id=\"forminator-field-password-1_69fd17047989b\" class=\"forminator-input forminator-name--field\" data-required=\"true\" type=\"password\" aria-describedby=\"forminator-field-password-1_69fd17047989b-description\" \/><\/div><div class=\"forminator-description forminator-description-password\" id=\"forminator-field-password-1_69fd17047989b-description\"><p><a rel=\"noopener\" target=\"_blank\" href=\"https:\/\/dowgessentials.com.br\/wholesale\/wp-login.php?action=lostpassword&amp;redirect_to\" title=\"Lost Password\" style=\"color: #dbb681\">Lost your password?<\/a><\/p><\/div><\/div><\/div><div class=\"forminator-row\"><div id=\"checkbox-1\" class=\"forminator-col forminator-col-12  remember-me\"><div role=\"group\" class=\"forminator-field\" aria-labelledby=\"forminator-checkbox-group-69fd17047989b-label\"><label id=\"forminator-field-checkbox-1-1-69fd17047989b-label\" for=\"forminator-field-checkbox-1-1-69fd17047989b\" class=\"forminator-checkbox\" title=\"Remember Me\"><input type=\"checkbox\" name=\"checkbox-1[]\" value=\"remember-me\" id=\"forminator-field-checkbox-1-1-69fd17047989b\" aria-labelledby=\"forminator-field-checkbox-1-1-69fd17047989b-label\" data-calculation=\"0\"   aria-describedby=\"forminator-field-checkbox-1-69fd17047989b-description\"\/><span class=\"forminator-checkbox-box\" aria-hidden=\"true\"><\/span><span class=\"forminator-checkbox-label\">Remember Me<\/span><\/label><\/div><\/div><\/div><input type=\"hidden\" name=\"referer_url\" value=\"\" \/><div class=\"forminator-row forminator-row-last\"><div class=\"forminator-col\"><div class=\"forminator-field\"><button class=\"forminator-button forminator-button-submit button\">Conecte-se<\/button><\/div><\/div><\/div><input type=\"hidden\" id=\"forminator_nonce\" name=\"forminator_nonce\" value=\"7d22f5002b\" \/><input type=\"hidden\" name=\"_wp_http_referer\" value=\"\/wholesale\/wp-json\/wp\/v2\/pages\/193\" \/><input type=\"hidden\" name=\"form_id\" value=\"2765\"><input type=\"hidden\" name=\"page_id\" value=\"193\"><input type=\"hidden\" name=\"form_type\" value=\"login\"><input type=\"hidden\" name=\"current_url\" value=\"https:\/\/dowgessentials.com.br\/wholesale\/my-account\/\"><input type=\"hidden\" name=\"render_id\" value=\"0\"><input type=\"hidden\" name=\"redirect_to\" value=\"https:\/\/dowgessentials.com.br\/wholesale\/wp-admin\/\"><input type=\"hidden\" name=\"action\" value=\"forminator_submit_form_custom-forms\"><\/form><\/div>\n\t\t\t\t<\/div>\n\t\t\t\t<\/div>\n\t\t\t\t\t<\/div>\n\t\t<\/div>\n\t\t\t\t<div class=\"elementor-column elementor-col-50 elementor-top-column elementor-element elementor-element-5082446\" data-id=\"5082446\" data-element_type=\"column\">\n\t\t\t<div class=\"elementor-widget-wrap elementor-element-populated\">\n\t\t\t\t\t\t\t\t<div class=\"elementor-element elementor-element-3ec3b7f elementor-widget elementor-widget-heading\" data-id=\"3ec3b7f\" data-element_type=\"widget\" data-widget_type=\"heading.default\">\n\t\t\t\t<div class=\"elementor-widget-container\">\n\t\t\t<h2 class=\"elementor-heading-title elementor-size-default\">Register <\/h2>\t\t<\/div>\n\t\t\t\t<\/div>\n\t\t\t\t<div class=\"elementor-element elementor-element-7ffcf82 elementor-widget elementor-widget-shortcode\" data-id=\"7ffcf82\" data-element_type=\"widget\" data-widget_type=\"shortcode.default\">\n\t\t\t\t<div class=\"elementor-widget-container\">\n\t\t\t\t\t<div class=\"elementor-shortcode\"><div class=\"forminator-ui forminator-custom-form forminator-custom-form-2211 forminator-design--flat  forminator_ajax\" data-forminator-render=\"0\" data-form=\"forminator-module-2211\" data-uid=\"69fd17047d346\"><br\/><\/div><form\n\t\t\t\tid=\"forminator-module-2211\"\n\t\t\t\tclass=\"forminator-ui forminator-custom-form forminator-custom-form-2211 forminator-design--flat  forminator_ajax\"\n\t\t\t\tmethod=\"post\"\n\t\t\t\tdata-forminator-render=\"0\"\n\t\t\t\tdata-form-id=\"2211\"\n\t\t\t\t\n\t\t\t\tdata-design=\"flat\"\n\t\t\t\t\n\t\t\t\t\n\t\t\t\t\n\t\t\t\tdata-grid=\"open\"\n\t\t\t\t\n\t\t\t\t\n\t\t\t\tstyle=\"display: none;\"\n\t\t\t\t\n\t\t\t\tdata-uid=\"69fd17047d346\"\n\t\t\t><div role=\"alert\" aria-live=\"polite\" class=\"forminator-response-message forminator-error\" aria-hidden=\"true\"><\/div><div class=\"forminator-row\"><div id=\"name-1\" class=\"forminator-col forminator-col-6 \"><div class=\"forminator-field\"><input type=\"text\" name=\"name-1\" value=\"\" placeholder=\"Nome da empresa\" id=\"forminator-field-name-1_69fd17047d346\" class=\"forminator-input forminator-name--field\" aria-required=\"true\" \/><\/div><\/div><div id=\"email-1\" class=\"forminator-col forminator-col-6 \"><div class=\"forminator-field\"><input type=\"email\" name=\"email-1\" value=\"\" placeholder=\"Seu endere\u00e7o de email\" id=\"forminator-field-email-1_69fd17047d346\" class=\"forminator-input forminator-email--field\" data-required=\"true\" aria-required=\"true\" \/><\/div><\/div><\/div><div class=\"forminator-row\"><div id=\"name-2\" class=\"forminator-col forminator-col-6 \"><div class=\"forminator-field\"><input type=\"text\" name=\"name-2\" value=\"\" placeholder=\"Primeiro nome\" id=\"forminator-field-name-2_69fd17047d346\" class=\"forminator-input forminator-name--field\" aria-required=\"true\" \/><\/div><\/div><div id=\"name-3\" class=\"forminator-col forminator-col-6 \"><div class=\"forminator-field\"><input type=\"text\" name=\"name-3\" value=\"\" placeholder=\"Sobrenome\" id=\"forminator-field-name-3_69fd17047d346\" class=\"forminator-input forminator-name--field\" aria-required=\"true\" \/><\/div><\/div><\/div><div class=\"forminator-row\"><div id=\"text-1\" class=\"forminator-col forminator-col-6 \"><div class=\"forminator-field\"><input type=\"text\" name=\"text-1\" value=\"\" placeholder=\"Crie um nome de usu\u00e1rio\" id=\"forminator-field-text-1_69fd17047d346\" class=\"forminator-input forminator-name--field\" data-required=\"true\" \/><\/div><\/div><div id=\"password-1\" class=\"forminator-col forminator-col-6 \"><div class=\"forminator-field\"><input name=\"password-1\" value=\"\" placeholder=\"Coloque sua senha\" id=\"forminator-field-password-1_69fd17047d346\" class=\"forminator-input forminator-name--field\" data-required=\"true\" type=\"password\" \/><\/div><\/div><\/div><div class=\"forminator-row\"><div id=\"phone-1\" class=\"forminator-col forminator-col-12 \"><div class=\"forminator-field\"><input type=\"text\" name=\"phone-1\" value=\"\" placeholder=\"Seu n\u00famero de telefone\" id=\"forminator-field-phone-1_69fd17047d346\" class=\"forminator-input forminator-field--phone\" data-required=\"1\" aria-required=\"true\" autocomplete=\"off\" \/><\/div><\/div><\/div><div class=\"forminator-row\"><div id=\"url-1\" class=\"forminator-col forminator-col-12 \"><div class=\"forminator-field\"><input type=\"url\" name=\"url-1\" value=\"\" placeholder=\"O URL do seu site\" id=\"forminator-field-url-1_69fd17047d346\" class=\"forminator-input forminator-website--field\" data-required=\"1\" aria-required=\"true\" \/><\/div><\/div><\/div><div class=\"forminator-row\"><div id=\"consent-1\" class=\"forminator-col forminator-col-12 \"><div class=\"forminator-field\"><div class=\"forminator-checkbox__wrapper\"><label for=\"forminator-field-consent-1_69fd17047d346\" id=\"forminator-field-consent-1_69fd17047d346__label\" class=\"forminator-checkbox forminator-consent\" style=\"margin: 0;\"><input type=\"checkbox\" name=\"consent-1\" id=\"forminator-field-consent-1_69fd17047d346\" value=\"marcado\" aria-labelledby=\"forminator-field-consent-1_69fd17047d346-label\" aria-describedby=\"forminator-field-consent-1_69fd17047d346__description\" data-required=\"true\" aria-required=\"true\" \/><span class=\"forminator-checkbox-box\" aria-hidden=\"true\"><\/span><\/label><div id=\"forminator-field-consent-1_69fd17047d346__description\" class=\"forminator-checkbox__label forminator-consent__label\"><p>Sim, concordo com a pol\u00edtica de privacidade e os termos e condi\u00e7\u00f5es.<\/p><\/div><\/div><\/div><\/div><\/div><input type=\"hidden\" name=\"referer_url\" value=\"\" \/><div class=\"forminator-row forminator-row-last\"><div class=\"forminator-col\"><div class=\"forminator-field\"><button class=\"forminator-button forminator-button-submit\">Registro<\/button><\/div><\/div><\/div><input type=\"hidden\" id=\"forminator_nonce\" name=\"forminator_nonce\" value=\"7d22f5002b\" \/><input type=\"hidden\" name=\"_wp_http_referer\" value=\"\/wholesale\/wp-json\/wp\/v2\/pages\/193\" \/><input type=\"hidden\" name=\"form_id\" value=\"2211\"><input type=\"hidden\" name=\"page_id\" value=\"193\"><input type=\"hidden\" name=\"form_type\" value=\"registration\"><input type=\"hidden\" name=\"current_url\" value=\"https:\/\/dowgessentials.com.br\/wholesale\/my-account\/\"><input type=\"hidden\" name=\"render_id\" value=\"0\"><input type=\"hidden\" name=\"action\" value=\"forminator_submit_form_custom-forms\"><\/form><\/div>\n\t\t\t\t<\/div>\n\t\t\t\t<\/div>\n\t\t\t\t\t<\/div>\n\t\t<\/div>\n\t\t\t\t\t\t\t<\/div>\n\t\t<\/section>\n\t\t\t\t\t\t\t<\/div>\n\t\t","protected":false},"excerpt":{"rendered":"<p>Wholesale Wholesale Products &#8211; Partner with Us! Join our exclusive wholesale program and offer premium pet grooming products to your customers. Groom with love! Please login or register to continue. Login Register<\/p>\n","protected":false},"author":15,"featured_media":0,"parent":0,"menu_order":0,"comment_status":"closed","ping_status":"closed","template":"","meta":{"footnotes":"","_glsr_average":0,"_glsr_ranking":0,"_glsr_reviews":0},"_links":{"self":[{"href":"https:\/\/dowgessentials.com.br\/wholesale\/wp-json\/wp\/v2\/pages\/193"}],"collection":[{"href":"https:\/\/dowgessentials.com.br\/wholesale\/wp-json\/wp\/v2\/pages"}],"about":[{"href":"https:\/\/dowgessentials.com.br\/wholesale\/wp-json\/wp\/v2\/types\/page"}],"author":[{"embeddable":true,"href":"https:\/\/dowgessentials.com.br\/wholesale\/wp-json\/wp\/v2\/users\/15"}],"replies":[{"embeddable":true,"href":"https:\/\/dowgessentials.com.br\/wholesale\/wp-json\/wp\/v2\/comments?post=193"}],"version-history":[{"count":37,"href":"https:\/\/dowgessentials.com.br\/wholesale\/wp-json\/wp\/v2\/pages\/193\/revisions"}],"predecessor-version":[{"id":6866,"href":"https:\/\/dowgessentials.com.br\/wholesale\/wp-json\/wp\/v2\/pages\/193\/revisions\/6866"}],"wp:attachment":[{"href":"https:\/\/dowgessentials.com.br\/wholesale\/wp-json\/wp\/v2\/media?parent=193"}],"curies":[{"name":"wp","href":"https:\/\/api.w.org\/{rel}","templated":true}]}}